{"id":16,"date":"2010-02-09T21:20:52","date_gmt":"2010-02-09T20:20:52","guid":{"rendered":"http:\/\/rietedewillyfog.com\/epica\/?page_id=16"},"modified":"2010-11-13T22:02:32","modified_gmt":"2010-11-13T21:02:32","slug":"fotos","status":"publish","type":"page","link":"https:\/\/rietedewillyfog.com\/epica\/fotos\/","title":{"rendered":"Fotos"},"content":{"rendered":"<p>En los siguientes enlaces se pueden ver todas las fotos:<\/p>\n<ul>\n<li><a href=\"http:\/\/picasaweb.google.com\/enelnombredelaepica\" target=\"_top\">Parte 1<\/a>: desde el principio hasta la provincia de C\u00f3rdoba en Argentina.<\/li>\n<li><a href=\"http:\/\/picasaweb.google.com\/enelnombredelaepica2\">Parte 2<\/a>: desde la provincia de Tucum\u00e1n en Argentina, hasta Guayaquil y Monta\u00f1ita en Ecuador.<\/li>\n<li><a href=\"http:\/\/picasaweb.google.com\/enelnombredelaepica3\">Parte 3<\/a>: desde las islas Gal\u00e1pagos hasta Machu Picchu.<\/li>\n<li><a href=\"http:\/\/picasaweb.google.com\/enelnombredelaepica4\">Parte 4<\/a>: del Choquequirao en adelante.<\/li>\n<\/ul>\n","protected":false},"excerpt":{"rendered":"<p>En los siguientes enlaces se pueden ver todas las fotos: Parte 1: desde el principio hasta la provincia de C\u00f3rdoba en Argentina. Parte 2: desde la provincia de Tucum\u00e1n en Argentina, hasta Guayaquil y Monta\u00f1ita en Ecuador. Parte 3: desde las islas Gal\u00e1pagos hasta Machu Picchu. Parte 4: del Choquequirao en adelante.<\/p>\n","protected":false},"author":1,"featured_media":0,"parent":0,"menu_order":0,"comment_status":"open","ping_status":"open","template":"","meta":{"footnotes":""},"class_list":["post-16","page","type-page","status-publish","hentry"],"aioseo_notices":[],"_links":{"self":[{"href":"https:\/\/rietedewillyfog.com\/epica\/wp-json\/wp\/v2\/pages\/16","targetHints":{"allow":["GET"]}}],"collection":[{"href":"https:\/\/rietedewillyfog.com\/epica\/wp-json\/wp\/v2\/pages"}],"about":[{"href":"https:\/\/rietedewillyfog.com\/epica\/wp-json\/wp\/v2\/types\/page"}],"author":[{"embeddable":true,"href":"https:\/\/rietedewillyfog.com\/epica\/wp-json\/wp\/v2\/users\/1"}],"replies":[{"embeddable":true,"href":"https:\/\/rietedewillyfog.com\/epica\/wp-json\/wp\/v2\/comments?post=16"}],"version-history":[{"count":7,"href":"https:\/\/rietedewillyfog.com\/epica\/wp-json\/wp\/v2\/pages\/16\/revisions"}],"predecessor-version":[{"id":845,"href":"https:\/\/rietedewillyfog.com\/epica\/wp-json\/wp\/v2\/pages\/16\/revisions\/845"}],"wp:attachment":[{"href":"https:\/\/rietedewillyfog.com\/epica\/wp-json\/wp\/v2\/media?parent=16"}],"curies":[{"name":"wp","href":"https:\/\/api.w.org\/{rel}","templated":true}]}}